{"id":7744,"date":"2022-08-28T11:38:38","date_gmt":"2022-08-28T14:38:38","guid":{"rendered":"https:\/\/rtmedical.com.br\/?page_id=7744"},"modified":"2022-08-28T11:44:16","modified_gmt":"2022-08-28T14:44:16","slug":"soporte","status":"publish","type":"page","link":"https:\/\/rtmedical.com.br\/es\/soporte\/","title":{"rendered":"Soporte"},"content":{"rendered":"[vc_row type=\u00bbfull_width_background\u00bb full_screen_row_position=\u00bbmiddle\u00bb column_margin=\u00bbdefault\u00bb column_direction=\u00bbdefault\u00bb column_direction_tablet=\u00bbdefault\u00bb column_direction_phone=\u00bbdefault\u00bb bg_color=\u00bb#ffffff\u00bb scene_position=\u00bbcenter\u00bb top_padding=\u00bb10%\u00bb bottom_padding=\u00bb10%\u00bb text_color=\u00bbdark\u00bb text_align=\u00bbleft\u00bb row_border_radius=\u00bbnone\u00bb row_border_radius_applies=\u00bbbg\u00bb overflow=\u00bbvisible\u00bb overlay_strength=\u00bb0.5&#8243; gradient_direction=\u00bbleft_to_right\u00bb shape_divider_position=\u00bbbottom\u00bb bg_image_animation=\u00bbnone\u00bb][vc_column column_padding=\u00bbno-extra-padding\u00bb column_padding_tablet=\u00bbinherit\u00bb column_padding_phone=\u00bbinherit\u00bb column_padding_position=\u00bball\u00bb column_element_spacing=\u00bbdefault\u00bb background_color_opacity=\u00bb1&#8243; background_hover_color_opacity=\u00bb1&#8243; column_shadow=\u00bbnone\u00bb column_border_radius=\u00bbnone\u00bb column_link_target=\u00bb_self\u00bb column_position=\u00bbdefault\u00bb gradient_direction=\u00bbleft_to_right\u00bb overlay_strength=\u00bb0.3&#8243; width=\u00bb1\/1&#8243; tablet_width_inherit=\u00bbdefault\u00bb tablet_text_alignment=\u00bbdefault\u00bb phone_text_alignment=\u00bbdefault\u00bb animation_type=\u00bbdefault\u00bb bg_image_animation=\u00bbnone\u00bb border_type=\u00bbsimple\u00bb column_border_width=\u00bbnone\u00bb column_border_style=\u00bbsolid\u00bb][vc_row_inner column_margin=\u00bbdefault\u00bb column_direction=\u00bbdefault\u00bb column_direction_tablet=\u00bbdefault\u00bb column_direction_phone=\u00bbdefault\u00bb text_align=\u00bbleft\u00bb row_position=\u00bbdefault\u00bb row_position_tablet=\u00bbinherit\u00bb row_position_phone=\u00bbinherit\u00bb overflow=\u00bbvisible\u00bb pointer_events=\u00bball\u00bb][vc_column_inner column_padding=\u00bbno-extra-padding\u00bb column_padding_tablet=\u00bbinherit\u00bb column_padding_phone=\u00bbinherit\u00bb column_padding_position=\u00bball\u00bb column_element_spacing=\u00bbdefault\u00bb background_color_opacity=\u00bb1&#8243; background_hover_color_opacity=\u00bb1&#8243; column_shadow=\u00bbnone\u00bb column_border_radius=\u00bbnone\u00bb column_link_target=\u00bb_self\u00bb gradient_direction=\u00bbleft_to_right\u00bb overlay_strength=\u00bb0.3&#8243; width=\u00bb1\/1&#8243; tablet_width_inherit=\u00bbdefault\u00bb animation_type=\u00bbdefault\u00bb enable_animation=\u00bbtrue\u00bb animation=\u00bbfade-in-from-bottom\u00bb bg_image_animation=\u00bbnone\u00bb border_type=\u00bbsimple\u00bb column_border_width=\u00bbnone\u00bb column_border_style=\u00bbsolid\u00bb][vc_custom_heading text=\u00bb\u00a1Acceda al soporte y los recursos de RT MEDICAL en cualquier momento y en cualquier lugar!\u00bb font_container=\u00bbtag:h2|font_size:48px|text_align:center|line_height:57px\u00bb use_theme_fonts=\u00bbyes\u00bb css_animation=\u00bbnone\u00bb][\/vc_column_inner][\/vc_row_inner][vc_row_inner column_margin=\u00bbdefault\u00bb column_direction=\u00bbdefault\u00bb column_direction_tablet=\u00bbdefault\u00bb column_direction_phone=\u00bbdefault\u00bb text_align=\u00bbleft\u00bb row_position=\u00bbdefault\u00bb row_position_tablet=\u00bbinherit\u00bb row_position_phone=\u00bbinherit\u00bb overflow=\u00bbvisible\u00bb pointer_events=\u00bball\u00bb][vc_column_inner column_padding=\u00bbno-extra-padding\u00bb column_padding_tablet=\u00bbinherit\u00bb column_padding_phone=\u00bbinherit\u00bb column_padding_position=\u00bball\u00bb column_element_spacing=\u00bbdefault\u00bb background_color_opacity=\u00bb1&#8243; background_hover_color_opacity=\u00bb1&#8243; column_shadow=\u00bbnone\u00bb column_border_radius=\u00bbnone\u00bb column_link_target=\u00bb_self\u00bb gradient_direction=\u00bbleft_to_right\u00bb overlay_strength=\u00bb0.3&#8243; width=\u00bb1\/1&#8243; tablet_width_inherit=\u00bbdefault\u00bb animation_type=\u00bbdefault\u00bb bg_image_animation=\u00bbnone\u00bb border_type=\u00bbsimple\u00bb column_border_width=\u00bbnone\u00bb column_border_style=\u00bbsolid\u00bb][vc_custom_heading text=\u00bbContamos con un equipo especializado que ofrece soporte t\u00e9cnico personalizado a nuestros clientes.\u00bb font_container=\u00bbtag:p|text_align:center|color:rgba(10%2C10%2C10%2C0.65)\u00bb use_theme_fonts=\u00bbyes\u00bb css_animation=\u00bbnone\u00bb css=\u00bb.vc_custom_1661697650773{padding-right: 13% !important;padding-left: 13% !important;}\u00bb][\/vc_column_inner][\/vc_row_inner][\/vc_column][\/vc_row][vc_row type=\u00bbfull_width_content\u00bb full_screen_row_position=\u00bbmiddle\u00bb column_margin=\u00bbdefault\u00bb column_direction=\u00bbdefault\u00bb column_direction_tablet=\u00bbdefault\u00bb column_direction_phone=\u00bbdefault\u00bb scene_position=\u00bbcenter\u00bb top_padding=\u00bb5%\u00bb text_color=\u00bbdark\u00bb text_align=\u00bbleft\u00bb row_border_radius=\u00bbnone\u00bb row_border_radius_applies=\u00bbbg\u00bb overflow=\u00bbvisible\u00bb overlay_strength=\u00bb0.3&#8243; gradient_direction=\u00bbleft_to_right\u00bb shape_divider_position=\u00bbbottom\u00bb bg_image_animation=\u00bbnone\u00bb shape_type=\u00bb\u00bb][vc_column column_padding=\u00bbno-extra-padding\u00bb column_padding_tablet=\u00bbinherit\u00bb column_padding_phone=\u00bbinherit\u00bb column_padding_position=\u00bball\u00bb column_element_spacing=\u00bbdefault\u00bb background_color_opacity=\u00bb1&#8243; background_hover_color_opacity=\u00bb1&#8243; column_shadow=\u00bbnone\u00bb column_border_radius=\u00bbnone\u00bb column_link_target=\u00bb_self\u00bb column_position=\u00bbdefault\u00bb gradient_direction=\u00bbleft_to_right\u00bb overlay_strength=\u00bb0.3&#8243; width=\u00bb1\/1&#8243; tablet_width_inherit=\u00bbdefault\u00bb tablet_text_alignment=\u00bbdefault\u00bb phone_text_alignment=\u00bbdefault\u00bb animation_type=\u00bbdefault\u00bb bg_image_animation=\u00bbnone\u00bb border_type=\u00bbsimple\u00bb column_border_width=\u00bbnone\u00bb column_border_style=\u00bbsolid\u00bb][vc_row_inner column_margin=\u00bbdefault\u00bb column_direction=\u00bbdefault\u00bb column_direction_tablet=\u00bbdefault\u00bb column_direction_phone=\u00bbdefault\u00bb text_align=\u00bbleft\u00bb row_position=\u00bbdefault\u00bb row_position_tablet=\u00bbinherit\u00bb row_position_phone=\u00bbinherit\u00bb overflow=\u00bbvisible\u00bb pointer_events=\u00bball\u00bb][vc_column_inner column_padding=\u00bbno-extra-padding\u00bb column_padding_tablet=\u00bbinherit\u00bb column_padding_phone=\u00bbinherit\u00bb column_padding_position=\u00bball\u00bb column_element_spacing=\u00bbdefault\u00bb background_color_opacity=\u00bb1&#8243; background_hover_color_opacity=\u00bb1&#8243; column_shadow=\u00bbnone\u00bb column_border_radius=\u00bbnone\u00bb column_link_target=\u00bb_self\u00bb gradient_direction=\u00bbleft_to_right\u00bb overlay_strength=\u00bb0.3&#8243; width=\u00bb1\/4&#8243; tablet_width_inherit=\u00bbdefault\u00bb animation_type=\u00bbdefault\u00bb bg_image_animation=\u00bbnone\u00bb border_type=\u00bbsimple\u00bb column_border_width=\u00bbnone\u00bb column_border_style=\u00bbsolid\u00bb][fancy_box box_style=\u00bbparallax_hover\u00bb icon_family=\u00bbiconsmind\u00bb image_url=\u00bb1088&#8243; link_new_tab=\u00bbtrue\u00bb parallax_hover_box_alignment=\u00bbmiddle\u00bb parallax_hover_box_overlay_opacity=\u00bb0.6&#8243; parallax_hover_box_overlay_opacity_hover=\u00bb0.2&#8243; border_radius=\u00bbdefault\u00bb image_loading=\u00bbdefault\u00bb color_scheme=\u00bbdark\u00bb secondary_content=\u00bbhere&#8217;s some awesome text that would only be shown on hover\u00bb icon_iconsmind=\u00bbiconsmind-Duplicate-Window\u00bb min_height=\u00bb600&#8243; link_url=\u00bbhttps:\/\/help.rtmedical.com.br\u00bb]\n<h2>Portal del cliente<\/h2>\n<h5>Acceda ahora &gt;<\/h5>\n[\/fancy_box][\/vc_column_inner][vc_column_inner column_padding=\u00bbno-extra-padding\u00bb column_padding_tablet=\u00bbinherit\u00bb column_padding_phone=\u00bbinherit\u00bb column_padding_position=\u00bball\u00bb column_element_spacing=\u00bbdefault\u00bb background_color_opacity=\u00bb1&#8243; background_hover_color_opacity=\u00bb1&#8243; column_shadow=\u00bbnone\u00bb column_border_radius=\u00bbnone\u00bb column_link_target=\u00bb_self\u00bb gradient_direction=\u00bbleft_to_right\u00bb overlay_strength=\u00bb0.3&#8243; width=\u00bb1\/4&#8243; tablet_width_inherit=\u00bbdefault\u00bb animation_type=\u00bbdefault\u00bb bg_image_animation=\u00bbnone\u00bb border_type=\u00bbsimple\u00bb column_border_width=\u00bbnone\u00bb column_border_style=\u00bbsolid\u00bb][fancy_box box_style=\u00bbparallax_hover\u00bb icon_family=\u00bbiconsmind\u00bb image_url=\u00bb1082&#8243; link_new_tab=\u00bbtrue\u00bb parallax_hover_box_alignment=\u00bbmiddle\u00bb parallax_hover_box_overlay_opacity=\u00bb0.6&#8243; parallax_hover_box_overlay_opacity_hover=\u00bb0.2&#8243; border_radius=\u00bbdefault\u00bb image_loading=\u00bbdefault\u00bb color_scheme=\u00bbdark\u00bb secondary_content=\u00bb\u00bb icon_iconsmind=\u00bbiconsmind-Phone-2&#8243; min_height=\u00bb600&#8243; link_url=\u00bbhttps:\/\/api.whatsapp.com\/send?phone=5548991599030&#038;text=Oi\u00bb]\n<div class=\"gc11v3-generictext component-base section\">\n<section id=\"gc11v3-9iH8ONYt1uAQOyGm\" class=\"p-gc11v3-generictext p-inverted p-valign-parent p-row-gutter p-l-spacing-top-c p-m-spacing-top-a p-s-spacing-top-none p-xs-spacing-top-none p-l-spacing-bottom-a p-m-spacing-bottom-a p-s-spacing-bottom-none p-xs-spacing-bottom-none\" data-comp-id=\"gc11v3Generictext\" data-containerlink=\"{&quot;useLink&quot;:&quot;no&quot;, &quot;url&quot;:&quot;&quot;, &quot;navdest&quot;:&quot;&quot;, &quot;target&quot;:&quot;_self&quot;, &quot;omniture&quot;:&quot;&quot;}\" data-is-internal=\"true\">\n<div class=\"p-vertical-positioning p-text-container p-valign-top\">\n<div class=\"p-text-container-inner\">\n<h3>Soporte v\u00eda Whatsapp<\/h3>\n<\/div>\n<\/div>\n<\/section>\n<\/div>\n<h5>Cont\u00e1ctenos &gt;<\/h5>\n[\/fancy_box][\/vc_column_inner][vc_column_inner column_padding=\u00bbno-extra-padding\u00bb column_padding_tablet=\u00bbinherit\u00bb column_padding_phone=\u00bbinherit\u00bb column_padding_position=\u00bball\u00bb column_element_spacing=\u00bbdefault\u00bb background_color_opacity=\u00bb1&#8243; background_hover_color_opacity=\u00bb1&#8243; column_shadow=\u00bbnone\u00bb column_border_radius=\u00bbnone\u00bb column_link_target=\u00bb_self\u00bb gradient_direction=\u00bbleft_to_right\u00bb overlay_strength=\u00bb0.3&#8243; width=\u00bb1\/4&#8243; tablet_width_inherit=\u00bbdefault\u00bb animation_type=\u00bbdefault\u00bb bg_image_animation=\u00bbnone\u00bb border_type=\u00bbsimple\u00bb column_border_width=\u00bbnone\u00bb column_border_style=\u00bbsolid\u00bb][fancy_box box_style=\u00bbparallax_hover\u00bb icon_family=\u00bbiconsmind\u00bb image_url=\u00bb1079&#8243; parallax_hover_box_alignment=\u00bbmiddle\u00bb parallax_hover_box_overlay_opacity=\u00bb0.6&#8243; parallax_hover_box_overlay_opacity_hover=\u00bb0.2&#8243; border_radius=\u00bbdefault\u00bb image_loading=\u00bbdefault\u00bb color_scheme=\u00bbdark\u00bb secondary_content=\u00bbhere&#8217;s some awesome text that would only be shown on hover\u00bb link_url=\u00bbmailto:suporte@rtmedical.com.br\u00bb icon_iconsmind=\u00bbiconsmind-Mail-2&#8243; min_height=\u00bb600&#8243;]\n<h2>Soporte de correo electr\u00f3nico<\/h2>\n<h5>Enviar ahora&gt;<\/h5>\n[\/fancy_box][\/vc_column_inner][vc_column_inner column_padding=\u00bbno-extra-padding\u00bb column_padding_tablet=\u00bbinherit\u00bb column_padding_phone=\u00bbinherit\u00bb column_padding_position=\u00bball\u00bb column_element_spacing=\u00bbdefault\u00bb background_color_opacity=\u00bb1&#8243; background_hover_color_opacity=\u00bb1&#8243; column_shadow=\u00bbnone\u00bb column_border_radius=\u00bbnone\u00bb column_link_target=\u00bb_self\u00bb gradient_direction=\u00bbleft_to_right\u00bb overlay_strength=\u00bb0.3&#8243; width=\u00bb1\/4&#8243; tablet_width_inherit=\u00bbdefault\u00bb animation_type=\u00bbdefault\u00bb bg_image_animation=\u00bbnone\u00bb border_type=\u00bbsimple\u00bb column_border_width=\u00bbnone\u00bb column_border_style=\u00bbsolid\u00bb][fancy_box box_style=\u00bbparallax_hover\u00bb icon_family=\u00bbiconsmind\u00bb image_url=\u00bb1076&#8243; link_new_tab=\u00bbtrue\u00bb parallax_hover_box_alignment=\u00bbmiddle\u00bb parallax_hover_box_overlay_opacity=\u00bb0.6&#8243; parallax_hover_box_overlay_opacity_hover=\u00bb0.2&#8243; border_radius=\u00bbdefault\u00bb image_loading=\u00bbdefault\u00bb color_scheme=\u00bbdark\u00bb secondary_content=\u00bbhere&#8217;s some awesome text that would only be shown on hover\u00bb link_url=\u00bbhttps:\/\/get.teamviewer.com\/rtmedical\u00bb icon_iconsmind=\u00bbiconsmind-Upload-Window\u00bb min_height=\u00bb600&#8243;]\n<h2>Quick Support<\/h2>\n<h5>Descargar&gt;<\/h5>\n[\/fancy_box][\/vc_column_inner][\/vc_row_inner][\/vc_column][\/vc_row][vc_row type=\u00bbfull_width_content\u00bb full_screen_row_position=\u00bbmiddle\u00bb column_margin=\u00bbdefault\u00bb equal_height=\u00bbyes\u00bb content_placement=\u00bbmiddle\u00bb column_direction=\u00bbdefault\u00bb column_direction_tablet=\u00bbdefault\u00bb column_direction_phone=\u00bbdefault\u00bb scene_position=\u00bbcenter\u00bb text_color=\u00bbdark\u00bb text_align=\u00bbleft\u00bb row_border_radius=\u00bbnone\u00bb row_border_radius_applies=\u00bbbg\u00bb overflow=\u00bbvisible\u00bb overlay_strength=\u00bb0.3&#8243; gradient_direction=\u00bbleft_to_right\u00bb shape_divider_position=\u00bbbottom\u00bb bg_image_animation=\u00bbnone\u00bb][vc_column column_padding=\u00bbpadding-10-percent\u00bb column_padding_tablet=\u00bbinherit\u00bb column_padding_phone=\u00bbinherit\u00bb column_padding_position=\u00bball\u00bb column_element_spacing=\u00bbdefault\u00bb centered_text=\u00bbtrue\u00bb background_color=\u00bb#f7f7f7&#8243; background_color_opacity=\u00bb1&#8243; background_hover_color_opacity=\u00bb1&#8243; column_shadow=\u00bbnone\u00bb column_border_radius=\u00bbnone\u00bb column_link_target=\u00bb_self\u00bb column_position=\u00bbdefault\u00bb gradient_direction=\u00bbleft_to_right\u00bb overlay_strength=\u00bb0.3&#8243; width=\u00bb1\/2&#8243; tablet_width_inherit=\u00bbdefault\u00bb tablet_text_alignment=\u00bbdefault\u00bb phone_text_alignment=\u00bbdefault\u00bb animation_type=\u00bbdefault\u00bb bg_image_animation=\u00bbnone\u00bb border_type=\u00bbsimple\u00bb column_border_width=\u00bbnone\u00bb column_border_style=\u00bbsolid\u00bb][nectar_icon icon_family=\u00bbiconsmind\u00bb icon_style=\u00bbborder-animation\u00bb icon_border_thickness=\u00bb2px\u00bb icon_color_type=\u00bbcolor_scheme\u00bb icon_color=\u00bbextra-color-gradient-1&#8243; icon_padding=\u00bb25px\u00bb pointer_events=\u00bball\u00bb icon_iconsmind=\u00bbiconsmind-Microscope\u00bb margin_bottom=\u00bb15&#8243; icon_size=\u00bb40&#8243; url=\u00bb#\u00bb][divider line_type=\u00bbNo Line\u00bb custom_height=\u00bb10&#8243;][vc_column_text max_width=\u00bb315&#8243;]\n<h4>Documentaci\u00f3n<\/h4>\n[\/vc_column_text][divider line_type=\u00bbNo Line\u00bb custom_height=\u00bb5&#8243;][vc_column_text max_width=\u00bb350&#8243; css=\u00bb.vc_custom_1661697787219{margin-bottom: 40px !important;}\u00bb]<span style=\"color: #aaa;\"> Acceda a documentaci\u00f3n t\u00e9cnica, instrucciones de uso, anuncios de ciclo de vida e informaci\u00f3n actualizada espec\u00edfica de su producto RT MEDICAL<br \/>\n<\/span>[\/vc_column_text][nectar_cta btn_style=\u00bbsee-through\u00bb heading_tag=\u00bbh5&#8243; text_color=\u00bb#a5a5a5&#8243; button_color=\u00bbdefault\u00bb button_border_thickness=\u00bb0px\u00bb link_type=\u00bbregular\u00bb alignment=\u00bbcenter\u00bb alignment_tablet=\u00bbdefault\u00bb alignment_phone=\u00bbdefault\u00bb display=\u00bbblock\u00bb display_tablet=\u00bbinherit\u00bb display_phone=\u00bbinherit\u00bb link_text=\u00bbSepa mas\u00bb url=\u00bbhttps:\/\/docs.rtmedical.com.br\u00bb][\/vc_column][vc_column column_padding=\u00bbpadding-10-percent\u00bb column_padding_tablet=\u00bbinherit\u00bb column_padding_phone=\u00bbinherit\u00bb column_padding_position=\u00bball\u00bb column_element_spacing=\u00bbdefault\u00bb centered_text=\u00bbtrue\u00bb background_color=\u00bb#ffffff\u00bb background_color_opacity=\u00bb1&#8243; background_hover_color_opacity=\u00bb1&#8243; column_shadow=\u00bbnone\u00bb column_border_radius=\u00bbnone\u00bb column_link_target=\u00bb_self\u00bb column_position=\u00bbdefault\u00bb gradient_direction=\u00bbleft_to_right\u00bb overlay_strength=\u00bb0.3&#8243; width=\u00bb1\/2&#8243; tablet_width_inherit=\u00bbdefault\u00bb tablet_text_alignment=\u00bbdefault\u00bb phone_text_alignment=\u00bbdefault\u00bb animation_type=\u00bbdefault\u00bb bg_image_animation=\u00bbnone\u00bb border_type=\u00bbsimple\u00bb column_border_width=\u00bbnone\u00bb column_border_style=\u00bbsolid\u00bb][nectar_icon icon_family=\u00bbiconsmind\u00bb icon_style=\u00bbborder-animation\u00bb icon_border_thickness=\u00bb2px\u00bb icon_color_type=\u00bbcolor_scheme\u00bb icon_color=\u00bbextra-color-gradient-1&#8243; icon_padding=\u00bb25px\u00bb pointer_events=\u00bball\u00bb icon_iconsmind=\u00bbiconsmind-Phone\u00bb margin_bottom=\u00bb15&#8243; icon_size=\u00bb40&#8243; url=\u00bb#\u00bb][divider line_type=\u00bbNo Line\u00bb custom_height=\u00bb10&#8243;][vc_column_text max_width=\u00bb315&#8243;]\n<h4>Tel\u00e9fono<\/h4>\n[\/vc_column_text][divider line_type=\u00bbNo Line\u00bb custom_height=\u00bb5&#8243;][vc_column_text max_width=\u00bb350&#8243; css=\u00bb.vc_custom_1661697836504{margin-bottom: 40px !important;}\u00bb]<span style=\"color: #aaa;\">RT MEDICAL ofrece soporte telef\u00f3nico de lunes a viernes de 8 am a 6 pm hora de Brasilia. El contacto se puede realizar a trav\u00e9s del n\u00famero +5548991599030<\/span>[\/vc_column_text][nectar_cta btn_style=\u00bbsee-through\u00bb heading_tag=\u00bbh5&#8243; text_color=\u00bb#a5a5a5&#8243; button_color=\u00bbdefault\u00bb button_border_thickness=\u00bb0px\u00bb link_type=\u00bbregular\u00bb alignment=\u00bbcenter\u00bb alignment_tablet=\u00bbdefault\u00bb alignment_phone=\u00bbdefault\u00bb display=\u00bbblock\u00bb display_tablet=\u00bbinherit\u00bb display_phone=\u00bbinherit\u00bb link_text=\u00bbllama ahora\u00bb url=\u00bbtel:48991599030&#8243;][\/vc_column][\/vc_row]\n","protected":false},"excerpt":{"rendered":"<p>[vc_row type=\u00bbfull_width_background\u00bb full_screen_row_position=\u00bbmiddle\u00bb column_margin=\u00bbdefault\u00bb column_direction=\u00bbdefault\u00bb column_direction_tablet=\u00bbdefault\u00bb column_direction_phone=\u00bbdefault\u00bb bg_color=\u00bb#ffffff\u00bb scene_position=\u00bbcenter\u00bb top_padding=\u00bb10%\u00bb bottom_padding=\u00bb10%\u00bb text_color=\u00bbdark\u00bb text_align=\u00bbleft\u00bb row_border_radius=\u00bbnone\u00bb row_border_radius_applies=\u00bbbg\u00bb overflow=\u00bbvisible\u00bb overlay_strength=\u00bb0.5&#8243; gradient_direction=\u00bbleft_to_right\u00bb shape_divider_position=\u00bbbottom\u00bb bg_image_animation=\u00bbnone\u00bb][vc_column column_padding=\u00bbno-extra-padding\u00bb column_padding_tablet=\u00bbinherit\u00bb column_padding_phone=\u00bbinherit\u00bb column_padding_position=\u00bball\u00bb column_element_spacing=\u00bbdefault\u00bb background_color_opacity=\u00bb1&#8243; background_hover_color_opacity=\u00bb1&#8243; column_shadow=\u00bbnone\u00bb column_border_radius=\u00bbnone\u00bb column_link_target=\u00bb_self\u00bb&#8230;<\/p>\n","protected":false},"author":1,"featured_media":0,"parent":0,"menu_order":0,"comment_status":"closed","ping_status":"closed","template":"","meta":{"om_disable_all_campaigns":false,"_monsterinsights_skip_tracking":false,"_monsterinsights_sitenote_active":false,"_monsterinsights_sitenote_note":"","_monsterinsights_sitenote_category":0,"ngg_post_thumbnail":0,"footnotes":""},"class_list":["post-7744","page","type-page","status-publish"],"aioseo_notices":[],"rt_seo":{"title":"","description":"","canonical":"","og_image":"","robots":"default","schema_type":"default","include_in_llms":false,"llms_label":"","llms_summary":"","faq_items":[],"video":[],"gtin":"","mpn":"","brand":"","aggregate_rating":[]},"_links":{"self":[{"href":"https:\/\/rtmedical.com.br\/es\/wp-json\/wp\/v2\/pages\/7744\/"}],"collection":[{"href":"https:\/\/rtmedical.com.br\/es\/wp-json\/wp\/v2\/pages\/"}],"about":[{"href":"https:\/\/rtmedical.com.br\/es\/wp-json\/wp\/v2\/types\/page\/"}],"author":[{"embeddable":true,"href":"https:\/\/rtmedical.com.br\/es\/wp-json\/wp\/v2\/users\/1\/"}],"replies":[{"embeddable":true,"href":"https:\/\/rtmedical.com.br\/es\/wp-json\/wp\/v2\/comments\/?post=7744"}],"version-history":[{"count":0,"href":"https:\/\/rtmedical.com.br\/es\/wp-json\/wp\/v2\/pages\/7744\/revisions\/"}],"wp:attachment":[{"href":"https:\/\/rtmedical.com.br\/es\/wp-json\/wp\/v2\/media\/?parent=7744"}],"curies":[{"name":"wp","href":"https:\/\/api.w.org\/{rel}","templated":true}]}}